{"id":2093,"date":"2025-08-26T16:20:41","date_gmt":"2025-08-26T13:20:41","guid":{"rendered":"https:\/\/zoganfacelift.com\/?post_type=product&#038;p=2093"},"modified":"2026-01-03T16:25:12","modified_gmt":"2026-01-03T14:25:12","slug":"zogan-elixir-100ml","status":"publish","type":"product","link":"https:\/\/zoganfacelift.com\/fin\/tuote\/zogan-elixir-100ml\/","title":{"rendered":"Zogan Elixir (100ml)"},"content":{"rendered":"<p><strong>T\u00e4rkeimm\u00e4t ainesosat:<\/strong><br \/>\n<strong>Aloe Barbadensis -uute (Aloe Vera)<\/strong> \u2013 tunnettu rauhoittavista, kosteuttavista ja hoitavista ominaisuuksistaan.<br \/>\n<strong>Carica Papaya -hedelm\u00e4uute<\/strong> \u2013 antioksidanttirikas, auttaa ihoa kevyesti kuoriutumaan ja uudistumaan.<br \/>\n<strong>Camelia Sinensis -lehtiuute (vihre\u00e4 tee -uute)<\/strong> \u2013 tarjoaa antioksidanttisia, tulehdusta ehk\u00e4isevi\u00e4 ja ik\u00e4\u00e4ntymist\u00e4 hidastavia ominaisuuksia.<br \/>\n<strong>Rosmarinus Officinalis -uute (rosmariiniuute)<\/strong> \u2013 tunnettu antioksidanttisista ja antimikrobisista ominaisuuksistaan.<br \/>\n<strong>Maris Aqua (merivesi)<\/strong> \u2013 mineraalipitoinen, kosteuttaa ja ravitsee ihoa.<br \/>\n<strong>Natrium PCA<\/strong> \u2013 kosteuttaja, joka auttaa s\u00e4ilytt\u00e4m\u00e4\u00e4n ihon kosteuden.<br \/>\n<strong>Natriumhyaluronaatti (hyaluronihappo)<\/strong> \u2013 tehokas kosteuttaja, joka auttaa pit\u00e4m\u00e4\u00e4n ihon kosteutettuna.<br \/>\n<strong>Sakkaridi-isomeeraatti<\/strong> \u2013 voimakas kosteuttaja, joka sitoo vett\u00e4 ihoon pitk\u00e4kestoisen kosteutuksen varmistamiseksi.<br \/>\n<strong>Aminohapot<\/strong> (arginiini, asparagiinihappo, glysiini, alaniini, seriini, valiini, proliini, treoniini, isoleusiini, histidiini, fenyylialaniini) \u2013 n\u00e4m\u00e4 aminohapot auttavat yll\u00e4pit\u00e4m\u00e4\u00e4n ihon kosteutta, vahvistamaan ihon suojakerrosta sek\u00e4 tukemaan ihosolujen uusiutumista ja korjaantumista.<\/p>\n<p><strong>Ainesosat:<\/strong> vesi, aloe vera -uute, glyseroli, papaija-hedelm\u00e4uute, kamelialehtiuute, rosmariiniuute, merivesi, natrium PCA, sakkaridi-isomeeraatti, natriumhyaluronaatti, ksantaanikumi, natriumlaktaatti, arginiini, asparagiinihappo, PCA, glysiini, alaniini, seriini, valiini, proliini, treoniini, isoleusiini, histidiini, fenyylialaniini, magnesiumkloridi, sitruunahappo, natriumsitraatti, natriumkloridi, fenoksietanoli, etyyliheksyyliglyseriini, kaliumsorbaatti, natriumbentsoaatti.<\/p>\n<p><strong>Luonnollista alkuper\u00e4\u00e4 olevia ainesosia:<\/strong> 98,63%<\/p>\n<p><strong>S\u00e4ilyt\u00e4 alkuper\u00e4ispakkauksessa kuivassa paikassa (5\u201325 \u00b0C), poissa suorasta auringonvalosta.<\/strong><\/p>","protected":false},"excerpt":{"rendered":"<p>Mitmeotstarbeline nahahooldustoode (100ml)<\/p>\n<p>Nuorentavaa ja kasvoja kohottavaa vaikutusta varten k\u00e4yt\u00e4 tuotetta yhdess\u00e4 Zogan Facelift kasvojen muotoilutekniikan kanssa.<\/p>\n<p>Kasvojen eliksiiri, joka sis\u00e4lt\u00e4\u00e4 luonnollisia uutteita aloe verasta, papaijasta, vihre\u00e4st\u00e4 teest\u00e4 ja rosmariinista ja hoitaa ihoasi tehokkaasti. Kevyt, geelim\u00e4inen, \u00f6ljyt\u00f6n koostumus imeytyy nopeasti ihoon ja j\u00e4tt\u00e4\u00e4 sen raikkaaksi, syv\u00e4sti kosteutetuksi, sile\u00e4ksi ja hehkuvaksi.<\/p>\n<p>Elixir sopii kaikkien ihotyyppien kasvojen hoitoon, ja sen hell\u00e4varainen koostumus mahdollistaa sen k\u00e4yt\u00f6n silmien ja huulten ymp\u00e4rill\u00e4.<\/p>\n<p><strong>K\u00e4ytt\u00f6:<\/strong> Levit\u00e4 eliksiiri puhdistetuille kasvoille ja kaulalle. Ei sis\u00e4ll\u00e4 aurinkosuojaa.<\/p>\n<p><strong>Ik\u00e4\u00e4ntymist\u00e4 ehk\u00e4isev\u00e4n\u00e4 tuotteena:<\/strong> levit\u00e4 eliksiiri iholle k\u00e4ytt\u00e4en Zogan Facelift -nuorentavan muotoilutekniikan otteita. Eliksiiri\u00e4 voi lis\u00e4t\u00e4 tarpeen mukaan hieronnan aikana.<\/p>\n<p><strong>Tuotteen ostoon sis\u00e4ltyy:<\/strong> Zogan Facelift -nopea ja tehokas 1 minuutin perusliikuntaohjevideo, jonka l\u00f6yd\u00e4t pakkauksen QR-koodista.<\/p>","protected":false},"featured_media":3320,"template":"","meta":{"site-sidebar-layout":"default","site-content-layout":"","ast-site-content-layout":"default","site-content-style":"default","site-sidebar-style":"default","ast-global-header-display":"","ast-banner-title-visibility":"","ast-main-header-display":"","ast-hfb-above-header-display":"","ast-hfb-below-header-display":"","ast-hfb-mobile-header-display":"","site-post-title":"","ast-breadcrumbs-content":"","ast-featured-img":"","footer-sml-layout":"","ast-disable-related-posts":"","theme-transparent-header-meta":"default","adv-header-id-meta":"","stick-header-meta":"default","header-above-stick-meta":"","header-main-stick-meta":"","header-below-stick-meta":"","astra-migrate-meta-layouts":"set","ast-page-background-enabled":"default","ast-page-background-meta":{"desktop":{"background-color":"var(--ast-global-color-4)","background-image":"","background-repeat":"repeat","background-position":"center center","background-size":"auto","background-attachment":"scroll","background-type":"","background-media":"","overlay-type":"","overlay-color":"","overlay-opacity":"","overlay-gradient":""},"tablet":{"background-color":"","background-image":"","background-repeat":"repeat","background-position":"center center","background-size":"auto","background-attachment":"scroll","background-type":"","background-media":"","overlay-type":"","overlay-color":"","overlay-opacity":"","overlay-gradient":""},"mobile":{"background-color":"","background-image":"","background-repeat":"repeat","background-position":"center center","background-size":"auto","background-attachment":"scroll","background-type":"","background-media":"","overlay-type":"","overlay-color":"","overlay-opacity":"","overlay-gradient":""}},"ast-content-background-meta":{"desktop":{"background-color":"var(--ast-global-color-5)","background-image":"","background-repeat":"repeat","background-position":"center center","background-size":"auto","background-attachment":"scroll","background-type":"","background-media":"","overlay-type":"","overlay-color":"","overlay-opacity":"","overlay-gradient":""},"tablet":{"background-color":"var(--ast-global-color-5)","background-image":"","background-repeat":"repeat","background-position":"center center","background-size":"auto","background-attachment":"scroll","background-type":"","background-media":"","overlay-type":"","overlay-color":"","overlay-opacity":"","overlay-gradient":""},"mobile":{"background-color":"var(--ast-global-color-5)","background-image":"","background-repeat":"repeat","background-position":"center center","background-size":"auto","background-attachment":"scroll","background-type":"","background-media":"","overlay-type":"","overlay-color":"","overlay-opacity":"","overlay-gradient":""}}},"product_brand":[],"product_cat":[22],"product_tag":[],"class_list":{"0":"post-2093","1":"product","2":"type-product","3":"status-publish","4":"has-post-thumbnail","6":"product_cat-naohooldus","7":"desktop-align-left","8":"tablet-align-left","9":"mobile-align-left","10":"ast-product-gallery-layout-horizontal-slider","11":"ast-magnify-disabled","12":"ast-product-tabs-layout-horizontal","14":"first","15":"instock","16":"sale","17":"shipping-taxable","18":"purchasable","19":"product-type-simple"},"jetpack_sharing_enabled":true,"_links":{"self":[{"href":"https:\/\/zoganfacelift.com\/fin\/wp-json\/wp\/v2\/product\/2093","targetHints":{"allow":["GET"]}}],"collection":[{"href":"https:\/\/zoganfacelift.com\/fin\/wp-json\/wp\/v2\/product"}],"about":[{"href":"https:\/\/zoganfacelift.com\/fin\/wp-json\/wp\/v2\/types\/product"}],"wp:featuredmedia":[{"embeddable":true,"href":"https:\/\/zoganfacelift.com\/fin\/wp-json\/wp\/v2\/media\/3320"}],"wp:attachment":[{"href":"https:\/\/zoganfacelift.com\/fin\/wp-json\/wp\/v2\/media?parent=2093"}],"wp:term":[{"taxonomy":"product_brand","embeddable":true,"href":"https:\/\/zoganfacelift.com\/fin\/wp-json\/wp\/v2\/product_brand?post=2093"},{"taxonomy":"product_cat","embeddable":true,"href":"https:\/\/zoganfacelift.com\/fin\/wp-json\/wp\/v2\/product_cat?post=2093"},{"taxonomy":"product_tag","embeddable":true,"href":"https:\/\/zoganfacelift.com\/fin\/wp-json\/wp\/v2\/product_tag?post=2093"}],"curies":[{"name":"wp","href":"https:\/\/api.w.org\/{rel}","templated":true}]}}