{"id":239,"date":"2025-08-24T12:06:02","date_gmt":"2025-08-24T12:06:02","guid":{"rendered":"https:\/\/zoganfacelift.com\/about\/"},"modified":"2025-09-30T20:19:34","modified_gmt":"2025-09-30T17:19:34","slug":"meist","status":"publish","type":"page","link":"https:\/\/zoganfacelift.com\/fin\/meist\/","title":{"rendered":"Meist\u00e4"},"content":{"rendered":"<div data-elementor-type=\"wp-page\" data-elementor-id=\"239\" class=\"elementor elementor-239\" data-elementor-post-type=\"page\">\n\t\t\t\t<div class=\"elementor-element elementor-element-56ce9c93 e-flex e-con-boxed e-con e-parent\" data-id=\"56ce9c93\" data-element_type=\"container\" data-e-type=\"container\">\n\t\t\t\t\t<div class=\"e-con-inner\">\n\t\t\t\t<div class=\"elementor-element elementor-element-60147438 elementor-widget elementor-widget-heading\" data-id=\"60147438\" data-element_type=\"widget\" data-e-type=\"widget\" data-widget_type=\"heading.default\">\n\t\t\t\t<div class=\"elementor-widget-container\">\n\t\t\t\t\t<h1 class=\"elementor-heading-title elementor-size-default\">Meist\u00e4<\/h1>\t\t\t\t<\/div>\n\t\t\t\t<\/div>\n\t\t\t\t\t<\/div>\n\t\t\t\t<\/div>\n\t\t<div class=\"elementor-element elementor-element-49898e5 e-flex e-con-boxed e-con e-parent\" data-id=\"49898e5\" data-element_type=\"container\" data-e-type=\"container\" data-settings=\"{&quot;background_background&quot;:&quot;classic&quot;}\">\n\t\t\t\t\t<div class=\"e-con-inner\">\n\t\t\t\t<div class=\"elementor-element elementor-element-4ce722e elementor-widget elementor-widget-eael-fancy-text\" data-id=\"4ce722e\" data-element_type=\"widget\" data-e-type=\"widget\" data-widget_type=\"eael-fancy-text.default\">\n\t\t\t\t<div class=\"elementor-widget-container\">\n\t\t\t\t\t\n\t<div  class=\"eael-fancy-text-container style-1\" data-fancy-text-id=\"4ce722e\" data-fancy-text=\"|naeratuse j\u00f5ud!\" data-fancy-text-transition-type=\"typing\" data-fancy-text-speed=\"50\" data-fancy-text-delay=\"2500\" data-fancy-text-cursor=\"yes\" data-fancy-text-loop=\"yes\" data-fancy-text-action=\"page_load\" >\n\t\t\t\t\t<span class=\"eael-fancy-text-prefix\">Zogan Facelift \u2013 <\/span>\n\t\t\n\t\t\n\t\t\t\t\t<span id=\"eael-fancy-text-4ce722e\" class=\"eael-fancy-text-strings solid-color\">\n\t\t\t\t<noscript>\n\t\t\t\t\thymyn voima!\t\t\t\t<\/noscript>\n\t\t\t<\/span>\n\t\t\n\t\t\t\t\t<span class=\"eael-fancy-text-suffix\">  <\/span>\n\t\t\t<\/div><!-- close .eael-fancy-text-container -->\n\n\t<div class=\"clearfix\"><\/div>\n\n\t\t\t\t\t<\/div>\n\t\t\t\t<\/div>\n\t\t\t\t\t<\/div>\n\t\t\t\t<\/div>\n\t\t<div class=\"elementor-element elementor-element-65eda7f6 e-flex e-con-boxed e-con e-parent\" data-id=\"65eda7f6\" data-element_type=\"container\" data-e-type=\"container\" data-settings=\"{&quot;background_background&quot;:&quot;classic&quot;}\">\n\t\t\t\t\t<div class=\"e-con-inner\">\n\t\t<div class=\"elementor-element elementor-element-575bea57 e-con-full e-flex e-con e-child\" data-id=\"575bea57\" data-element_type=\"container\" data-e-type=\"container\" data-settings=\"{&quot;background_background&quot;:&quot;classic&quot;}\">\n\t\t\t\t<div class=\"elementor-element elementor-element-57e8617c elementor-widget elementor-widget-image\" data-id=\"57e8617c\" data-element_type=\"widget\" data-e-type=\"widget\" data-widget_type=\"image.default\">\n\t\t\t\t<div class=\"elementor-widget-container\">\n\t\t\t\t\t\t\t\t\t\t\t\t\t\t\t<img fetchpriority=\"high\" decoding=\"async\" width=\"683\" height=\"1024\" src=\"https:\/\/zoganfacelift.com\/wp-content\/uploads\/2025\/08\/20250519-_E4R3555-683x1024.jpg\" class=\"attachment-large size-large wp-image-1647\" alt=\"Zogan facelift. Jaapani noorendav n\u00e4omassaa\u017e.\" srcset=\"https:\/\/zoganfacelift.com\/wp-content\/uploads\/2025\/08\/20250519-_E4R3555-683x1024.jpg 683w, https:\/\/zoganfacelift.com\/wp-content\/uploads\/2025\/08\/20250519-_E4R3555-200x300.jpg 200w, https:\/\/zoganfacelift.com\/wp-content\/uploads\/2025\/08\/20250519-_E4R3555-768x1152.jpg 768w, https:\/\/zoganfacelift.com\/wp-content\/uploads\/2025\/08\/20250519-_E4R3555-8x12.jpg 8w, https:\/\/zoganfacelift.com\/wp-content\/uploads\/2025\/08\/20250519-_E4R3555-600x900.jpg 600w, https:\/\/zoganfacelift.com\/wp-content\/uploads\/2025\/08\/20250519-_E4R3555.jpg 1024w\" sizes=\"(max-width: 683px) 100vw, 683px\" \/>\t\t\t\t\t\t\t\t\t\t\t\t\t\t\t<\/div>\n\t\t\t\t<\/div>\n\t\t\t\t<\/div>\n\t\t<div class=\"elementor-element elementor-element-4d1b0b5 e-con-full e-flex e-con e-child\" data-id=\"4d1b0b5\" data-element_type=\"container\" data-e-type=\"container\">\n\t\t\t\t<div class=\"elementor-element elementor-element-73edf669 elementor-widget elementor-widget-heading\" data-id=\"73edf669\" data-element_type=\"widget\" data-e-type=\"widget\" data-widget_type=\"heading.default\">\n\t\t\t\t<div class=\"elementor-widget-container\">\n\t\t\t\t\t<h2 class=\"elementor-heading-title elementor-size-default\">Harrastuksesta tulee el\u00e4m\u00e4ntapa!<\/h2>\t\t\t\t<\/div>\n\t\t\t\t<\/div>\n\t\t\t\t<div class=\"elementor-element elementor-element-1fb25777 elementor-widget elementor-widget-text-editor\" data-id=\"1fb25777\" data-element_type=\"widget\" data-e-type=\"widget\" data-widget_type=\"text-editor.default\">\n\t\t\t\t<div class=\"elementor-widget-container\">\n\t\t\t\t\t\t\t\t\t<p>Olen Cadrin, Zogan Faceliftin edist\u00e4j\u00e4 Virossa ja Euroopassa.<\/p><p>Olen avoin ja ihmisi\u00e4 rakastava \u2013 hymyilen aina! Se on minun tunnusmerkkini yhdess\u00e4 punaisen huulen kanssa! Uskon, ett\u00e4 hymy auttaa aina, my\u00f6s el\u00e4m\u00e4n vaikeampina hetkin\u00e4. Olen tavallaan my\u00f6s maailmanparantaja, jonka teht\u00e4v\u00e4n\u00e4 on j\u00e4tt\u00e4\u00e4 maailma parempana paikkana j\u00e4lkeens\u00e4.<\/p><p>Kauneuden maailmassa olen py\u00f6rinyt yli 25 vuotta \u2013 sit\u00e4 en nuorena osannut edes kuvitella. Heti lukion j\u00e4lkeen, vuonna 1993, suuntasin Lontooseen, sielt\u00e4 Kyprokselle ja takaisin Englantiin, miss\u00e4 valmistuin Coventryn yliopistosta rikosoikeuden ja kansainv\u00e4lisen oikeuden alalta. Sattumalta p\u00e4\u00e4dyin my\u00f6s Tanskaan, jossa opinnot jatkuivat Euroopan unionin taloustieteen maisteriohjelmassa.<\/p><p>Ammatillinen kokemukseni on vienyt minut Puolustusministeri\u00f6\u00f6n valmistelemaan NATO-j\u00e4senyytt\u00e4, Valtiovarainministeri\u00f6\u00f6n hallinnoimaan EU rakennerahastoja, ja olen ty\u00f6skennellyt my\u00f6s korkeakouluissa ja yliopistoissa sek\u00e4 opettajana ett\u00e4 projektip\u00e4\u00e4llikk\u00f6n\u00e4. Viimeksi toimin It\u00e4-Viron ammattiopistossa markkinointijohtajana, edist\u00e4en siirtymist\u00e4 vironkieliseen opetukseen sek\u00e4 kehitt\u00e4en ammatillisen koulutuksen kentt\u00e4\u00e4 laajemminkin.<\/p>\t\t\t\t\t\t\t\t<\/div>\n\t\t\t\t<\/div>\n\t\t\t\t<div class=\"elementor-element elementor-element-41e4f75a elementor-view-default elementor-widget elementor-widget-icon\" data-id=\"41e4f75a\" data-element_type=\"widget\" data-e-type=\"widget\" data-widget_type=\"icon.default\">\n\t\t\t\t<div class=\"elementor-widget-container\">\n\t\t\t\t\t\t\t<div class=\"elementor-icon-wrapper\">\n\t\t\t<div class=\"elementor-icon\">\n\t\t\t<i aria-hidden=\"true\" class=\"fas fa-circle\"><\/i>\t\t\t<\/div>\n\t\t<\/div>\n\t\t\t\t\t\t<\/div>\n\t\t\t\t<\/div>\n\t\t\t\t<\/div>\n\t\t\t\t\t<\/div>\n\t\t\t\t<\/div>\n\t\t<div class=\"elementor-element elementor-element-8051161 e-flex e-con-boxed e-con e-parent\" data-id=\"8051161\" data-element_type=\"container\" data-e-type=\"container\" data-settings=\"{&quot;background_background&quot;:&quot;classic&quot;}\">\n\t\t\t\t\t<div class=\"e-con-inner\">\n\t\t<div class=\"elementor-element elementor-element-ebf37ce e-con-full e-flex e-con e-child\" data-id=\"ebf37ce\" data-element_type=\"container\" data-e-type=\"container\">\n\t\t\t\t<div class=\"elementor-element elementor-element-8ffb8e4 elementor-widget elementor-widget-text-editor\" data-id=\"8ffb8e4\" data-element_type=\"widget\" data-e-type=\"widget\" data-widget_type=\"text-editor.default\">\n\t\t\t\t<div class=\"elementor-widget-container\">\n\t\t\t\t\t\t\t\t\t<p>Kaiken t\u00e4m\u00e4n ohella olen yli 25 vuoden ajan vet\u00e4nyt yhdess\u00e4 sisareni kanssa naisten kauneusyhteis\u00f6\u00e4 HC Naiset, j\u00e4rjest\u00e4nyt tuhansia kasvohoito-, meikki- ja terveellisen el\u00e4m\u00e4ntavan ty\u00f6pajoja, kirjoittanut kauneuskirjan \"SINA S\u00e4teilev\u00e4 Kaunis Nainen Aina\" \u2013 ja tehnyt t\u00e4t\u00e4 kaikkea muiden t\u00f6iden ohella.<\/p><p>Siksi tied\u00e4n hyvin, kuinka t\u00e4rke\u00e4\u00e4 on olla huoliteltu nainen yksinkertaisin, nopein ja tehokkain keinoin \u2013 ja juuri t\u00e4t\u00e4 varten olemme luoneet <em>Zogan Elixir<\/em> sek\u00e4 ottaneet k\u00e4ytt\u00f6\u00f6n <em>Zogan Facelift<\/em> kasvojenmuotoilutekniikan, jota voi harjoittaa my\u00f6s itse. 1 minuutti p\u00e4iv\u00e4ss\u00e4 ja 1 tuote! Yksinkertaisuudessa on voimaa \u2013 ja siihen pystyy jokainen! Se on yht\u00e4 helppoa kuin hampaiden pesu.<\/p><p>Lis\u00e4ksi on mahdollisuus vied\u00e4 itsest\u00e4\u00e4n huolehtiminen uudelle tasolle \u2013 siihen sopii Zogan Facelift -hoito, jossa yhdistyy monta asiaa: nuorentava ja muotoileva vaikutus kasvoilla, mutta my\u00f6s keho ja mieli rentoutuvat.<\/p><p>En pelk\u00e4\u00e4 vanhenemista, mutta haluan silti hidastaa sit\u00e4 ja s\u00e4ilytt\u00e4\u00e4 hehkuni my\u00f6s 50+ -i\u00e4ss\u00e4! T\u00e4n\u00e4\u00e4n olen harrastanut Zogania l\u00e4hes 10 vuotta, ja rehellisesti \u2013 ihoni ja kasvoni ovat kirkkaammat, v\u00e4hemm\u00e4n turvonneet ja paremmassa kunnossa kuin 10 vuotta sitten!<\/p>\t\t\t\t\t\t\t\t<\/div>\n\t\t\t\t<\/div>\n\t\t\t\t<div class=\"elementor-element elementor-element-0c4ef46 elementor-view-default elementor-widget elementor-widget-icon\" data-id=\"0c4ef46\" data-element_type=\"widget\" data-e-type=\"widget\" data-widget_type=\"icon.default\">\n\t\t\t\t<div class=\"elementor-widget-container\">\n\t\t\t\t\t\t\t<div class=\"elementor-icon-wrapper\">\n\t\t\t<div class=\"elementor-icon\">\n\t\t\t<i aria-hidden=\"true\" class=\"fas fa-circle\"><\/i>\t\t\t<\/div>\n\t\t<\/div>\n\t\t\t\t\t\t<\/div>\n\t\t\t\t<\/div>\n\t\t\t\t<\/div>\n\t\t<div class=\"elementor-element elementor-element-a4b2239 e-con-full e-flex e-con e-child\" data-id=\"a4b2239\" data-element_type=\"container\" data-e-type=\"container\" data-settings=\"{&quot;background_background&quot;:&quot;classic&quot;}\">\n\t\t\t\t<div class=\"elementor-element elementor-element-de3ca41 elementor-widget elementor-widget-image\" data-id=\"de3ca41\" data-element_type=\"widget\" data-e-type=\"widget\" data-widget_type=\"image.default\">\n\t\t\t\t<div class=\"elementor-widget-container\">\n\t\t\t\t\t\t\t\t\t\t\t\t\t\t\t<img decoding=\"async\" width=\"683\" height=\"1024\" src=\"https:\/\/zoganfacelift.com\/wp-content\/uploads\/2025\/08\/20250519-_E4R3594-683x1024.jpg\" class=\"attachment-large size-large wp-image-2031\" alt=\"Zogan facelift - jaapani noorendav n\u00e4omassaa\u017e. Raamat &quot;Sina&quot;.\" srcset=\"https:\/\/zoganfacelift.com\/wp-content\/uploads\/2025\/08\/20250519-_E4R3594-683x1024.jpg 683w, https:\/\/zoganfacelift.com\/wp-content\/uploads\/2025\/08\/20250519-_E4R3594-200x300.jpg 200w, https:\/\/zoganfacelift.com\/wp-content\/uploads\/2025\/08\/20250519-_E4R3594-768x1152.jpg 768w, https:\/\/zoganfacelift.com\/wp-content\/uploads\/2025\/08\/20250519-_E4R3594-8x12.jpg 8w, https:\/\/zoganfacelift.com\/wp-content\/uploads\/2025\/08\/20250519-_E4R3594-600x900.jpg 600w, https:\/\/zoganfacelift.com\/wp-content\/uploads\/2025\/08\/20250519-_E4R3594.jpg 1024w\" sizes=\"(max-width: 683px) 100vw, 683px\" \/>\t\t\t\t\t\t\t\t\t\t\t\t\t\t\t<\/div>\n\t\t\t\t<\/div>\n\t\t\t\t<\/div>\n\t\t\t\t\t<\/div>\n\t\t\t\t<\/div>\n\t\t<div class=\"elementor-element elementor-element-a122224 e-flex e-con-boxed e-con e-parent\" data-id=\"a122224\" data-element_type=\"container\" data-e-type=\"container\" data-settings=\"{&quot;background_background&quot;:&quot;classic&quot;}\">\n\t\t\t\t\t<div class=\"e-con-inner\">\n\t\t<div class=\"elementor-element elementor-element-8e1d5cb e-con-full e-flex e-con e-child\" data-id=\"8e1d5cb\" data-element_type=\"container\" data-e-type=\"container\" data-settings=\"{&quot;background_background&quot;:&quot;classic&quot;}\">\n\t\t\t\t<div class=\"elementor-element elementor-element-fde9bba elementor-widget elementor-widget-image\" data-id=\"fde9bba\" data-element_type=\"widget\" data-e-type=\"widget\" data-widget_type=\"image.default\">\n\t\t\t\t<div class=\"elementor-widget-container\">\n\t\t\t\t\t\t\t\t\t\t\t\t\t\t\t<img decoding=\"async\" width=\"683\" height=\"1024\" src=\"https:\/\/zoganfacelift.com\/wp-content\/uploads\/2025\/08\/20250519-_E4R3550-683x1024.jpg\" class=\"attachment-large size-large wp-image-2029\" alt=\"Zogan facelift - Jaapani noorendav n\u00e4omassaa\u017e. Cardin Lokotar\" srcset=\"https:\/\/zoganfacelift.com\/wp-content\/uploads\/2025\/08\/20250519-_E4R3550-683x1024.jpg 683w, https:\/\/zoganfacelift.com\/wp-content\/uploads\/2025\/08\/20250519-_E4R3550-200x300.jpg 200w, https:\/\/zoganfacelift.com\/wp-content\/uploads\/2025\/08\/20250519-_E4R3550-768x1152.jpg 768w, https:\/\/zoganfacelift.com\/wp-content\/uploads\/2025\/08\/20250519-_E4R3550-8x12.jpg 8w, https:\/\/zoganfacelift.com\/wp-content\/uploads\/2025\/08\/20250519-_E4R3550-600x900.jpg 600w, https:\/\/zoganfacelift.com\/wp-content\/uploads\/2025\/08\/20250519-_E4R3550.jpg 1024w\" sizes=\"(max-width: 683px) 100vw, 683px\" \/>\t\t\t\t\t\t\t\t\t\t\t\t\t\t\t<\/div>\n\t\t\t\t<\/div>\n\t\t\t\t<\/div>\n\t\t<div class=\"elementor-element elementor-element-62f6ea2 e-con-full e-flex e-con e-child\" data-id=\"62f6ea2\" data-element_type=\"container\" data-e-type=\"container\">\n\t\t\t\t<div class=\"elementor-element elementor-element-bf6f749 elementor-widget elementor-widget-heading\" data-id=\"bf6f749\" data-element_type=\"widget\" data-e-type=\"widget\" data-widget_type=\"heading.default\">\n\t\t\t\t<div class=\"elementor-widget-container\">\n\t\t\t\t\t<span class=\"elementor-heading-title elementor-size-default\">Kuinka sitten p\u00e4\u00e4dyin Zoganiin\u2026<\/span>\t\t\t\t<\/div>\n\t\t\t\t<\/div>\n\t\t\t\t<div class=\"elementor-element elementor-element-471b601 elementor-widget elementor-widget-text-editor\" data-id=\"471b601\" data-element_type=\"widget\" data-e-type=\"widget\" data-widget_type=\"text-editor.default\">\n\t\t\t\t<div class=\"elementor-widget-container\">\n\t\t\t\t\t\t\t\t\t<p>Olin ylitt\u00e4nyt 40 vuoden rajapyykin, kun huomasin villapaitaa pit\u00e4ess\u00e4ni, ett\u00e4 minulle oli ilmestynyt \"bulldog\", eli kaksoisleuka. Ja koska invasiiviset kauneushoidot eiv\u00e4t ole minua varten, ajattelin, ett\u00e4 n\u00e4in se varmaan j\u00e4\u00e4kin\u2026<\/p><p>Ja sitten\u2026 el\u00e4m\u00e4ss\u00e4 ei ole sattumia! Varakev\u00e4\u00e4ll\u00e4 2016 Heli Randoja, Japanin venytys- ja hengitystekniikka Shindon edist\u00e4j\u00e4 Virossa, esitteli meille Sensei Michiyo Nisimuran, joka oli tullut Viroon tuodakseen t\u00e4m\u00e4n ikivanhan japanilaisen kauneustekniikan, Zogan Faceliftin, Euroopan kauneusmarkkinoille.<\/p><p>Kev\u00e4\u00e4ll\u00e4 2016 j\u00e4rjestimme sisareni Helina Ehan kanssa ensimm\u00e4isen <em>Zogan Facelift<\/em> esityksen.<\/p><p>Esityksen ensimm\u00e4isten minuuttien aikana olimme \"myytyj\u00e4\", kun sensei kertoi <em>Zogan Facelift<\/em>in filosofiasta \u2013 sen ydin on hymy! Kun nainen hymyilee kotona, se v\u00e4littyy lapsille, miehelle ja siit\u00e4 edelleen koko yhteiskuntaan!<\/p><p>Olen koko el\u00e4m\u00e4ni uskonut hymyn voimaan, joka kantaa my\u00f6s vaikeina aikoina.<\/p><p><em>Zogan Facelift<\/em> ei ole vain ryppyjen silottamista ja kasvojen nuorentamista, vaan sen taustalla on syvempi el\u00e4m\u00e4n- ja kauneusajatus!<\/p><p>Esityksen j\u00e4lkeen olimme sisareni kanssa lumoutuneita: n\u00e4kyv\u00e4 v\u00e4lit\u00f6n muutos ulkon\u00e4\u00f6ss\u00e4 ja lis\u00e4ksi todella hyv\u00e4 olo! Aivan kuten jalkapohjassa, my\u00f6s kasvoilla heijastuu koko keho.<\/p>\t\t\t\t\t\t\t\t<\/div>\n\t\t\t\t<\/div>\n\t\t\t\t<div class=\"elementor-element elementor-element-ed6d4f0 elementor-view-default elementor-widget elementor-widget-icon\" data-id=\"ed6d4f0\" data-element_type=\"widget\" data-e-type=\"widget\" data-widget_type=\"icon.default\">\n\t\t\t\t<div class=\"elementor-widget-container\">\n\t\t\t\t\t\t\t<div class=\"elementor-icon-wrapper\">\n\t\t\t<div class=\"elementor-icon\">\n\t\t\t<i aria-hidden=\"true\" class=\"fas fa-circle\"><\/i>\t\t\t<\/div>\n\t\t<\/div>\n\t\t\t\t\t\t<\/div>\n\t\t\t\t<\/div>\n\t\t\t\t<\/div>\n\t\t\t\t\t<\/div>\n\t\t\t\t<\/div>\n\t\t<div class=\"elementor-element elementor-element-32d42d8 e-flex e-con-boxed e-con e-parent\" data-id=\"32d42d8\" data-element_type=\"container\" data-e-type=\"container\" data-settings=\"{&quot;background_background&quot;:&quot;classic&quot;}\">\n\t\t\t\t\t<div class=\"e-con-inner\">\n\t\t<div class=\"elementor-element elementor-element-2001966 e-con-full e-flex e-con e-child\" data-id=\"2001966\" data-element_type=\"container\" data-e-type=\"container\">\n\t\t\t\t<div class=\"elementor-element elementor-element-e737f3e elementor-widget elementor-widget-text-editor\" data-id=\"e737f3e\" data-element_type=\"widget\" data-e-type=\"widget\" data-widget_type=\"text-editor.default\">\n\t\t\t\t<div class=\"elementor-widget-container\">\n\t\t\t\t\t\t\t\t\t<p>Syntyi ajatus tarjota t\u00e4t\u00e4 el\u00e4m\u00e4\u00e4 muuttavaa tekniikkaa ammattikurssina Virossa. Ensimm\u00e4isen Zogan-terapeutin koulutuksen j\u00e4rjestimme syksyll\u00e4 2016, ja siit\u00e4 alkoi upea matka.<\/p><p>Aluksi en aikonut itse opiskella terapeutiksi ja kouluttajaksi. Toivoin pikemminkin, ett\u00e4 muut oppivat ja min\u00e4 voisin vain nauttia hoidoista.<\/p><p>En uskonut, ett\u00e4 kaltaiseni el\u00e4v\u00e4inen ihminen voisi nauttia asiakkaalle hoidon tekemisest\u00e4. Mutta ennen kuin kokeilee, ei voi tiet\u00e4\u00e4! On aivan mahtavaa, kuinka <em>Zogan Facelift<\/em> silminn\u00e4ht\u00e4v\u00e4sti silottaa ja muotoilee kasvoja \u2013 ja bonuksena saamme energiavaihdosta positiivisen latauksen.<\/p><p>Olemme siskoni Helinan kanssa k\u00e4yneet useita kertoja Japanissa t\u00e4ydent\u00e4m\u00e4ss\u00e4 osaamistamme. Ammatillisen kiinnostuksen lis\u00e4ksi matkat auttoivat meit\u00e4 ymm\u00e4rt\u00e4m\u00e4\u00e4n paremmin Japanin kulttuuria ja tapoja \u2013 ja sit\u00e4, kuinka monimutkainen voidaan tehd\u00e4 yksinkertaiseksi!<\/p><p>Ryhdikkyys, lapsenomainen kikatus, hyv\u00e4ntahtoisuus, hillittyys, minimalismi ja auttavaisuus \u2013 juuri n\u00e4m\u00e4 avainsanat tekev\u00e4t japanilaisesta el\u00e4m\u00e4ntyylist\u00e4 niin erityisen. Kasvojenmuotoilutekniikan lis\u00e4ksi v\u00e4lit\u00e4mme my\u00f6s n\u00e4it\u00e4 japanilaisia tapoja koulutuksissamme!<\/p><p>Kiitos, ett\u00e4 luit loppuun asti \u2013 toivon, ett\u00e4 t\u00e4m\u00e4 her\u00e4tti sinussa positiivista uteliaisuutta!<\/p>\t\t\t\t\t\t\t\t<\/div>\n\t\t\t\t<\/div>\n\t\t\t\t<div class=\"elementor-element elementor-element-9e319b9 elementor-widget elementor-widget-heading\" data-id=\"9e319b9\" data-element_type=\"widget\" data-e-type=\"widget\" data-widget_type=\"heading.default\">\n\t\t\t\t<div class=\"elementor-widget-container\">\n\t\t\t\t\t<span class=\"elementor-heading-title elementor-size-default\">Zogan Facelift \u2013 hymyn voima!<\/span>\t\t\t\t<\/div>\n\t\t\t\t<\/div>\n\t\t\t\t<div class=\"elementor-element elementor-element-7c871d7 elementor-view-default elementor-widget elementor-widget-icon\" data-id=\"7c871d7\" data-element_type=\"widget\" data-e-type=\"widget\" data-widget_type=\"icon.default\">\n\t\t\t\t<div class=\"elementor-widget-container\">\n\t\t\t\t\t\t\t<div class=\"elementor-icon-wrapper\">\n\t\t\t<div class=\"elementor-icon\">\n\t\t\t<i aria-hidden=\"true\" class=\"fas fa-circle\"><\/i>\t\t\t<\/div>\n\t\t<\/div>\n\t\t\t\t\t\t<\/div>\n\t\t\t\t<\/div>\n\t\t\t\t<\/div>\n\t\t<div class=\"elementor-element elementor-element-85014c3 e-con-full e-flex e-con e-child\" data-id=\"85014c3\" data-element_type=\"container\" data-e-type=\"container\" data-settings=\"{&quot;background_background&quot;:&quot;classic&quot;}\">\n\t\t\t\t<div class=\"elementor-element elementor-element-f9205a0 elementor-widget elementor-widget-image\" data-id=\"f9205a0\" data-element_type=\"widget\" data-e-type=\"widget\" data-widget_type=\"image.default\">\n\t\t\t\t<div class=\"elementor-widget-container\">\n\t\t\t\t\t\t\t\t\t\t\t\t\t\t\t<img loading=\"lazy\" decoding=\"async\" width=\"683\" height=\"1024\" src=\"https:\/\/zoganfacelift.com\/wp-content\/uploads\/2025\/08\/20250519-_E4R3498-683x1024.jpg\" class=\"attachment-large size-large wp-image-2101\" alt=\"Zogan facelift Elixir. Jaapani noorendav n\u00e4omassaa\u017e ja n\u00e4ohooldus toode.\" srcset=\"https:\/\/zoganfacelift.com\/wp-content\/uploads\/2025\/08\/20250519-_E4R3498-683x1024.jpg 683w, https:\/\/zoganfacelift.com\/wp-content\/uploads\/2025\/08\/20250519-_E4R3498-200x300.jpg 200w, https:\/\/zoganfacelift.com\/wp-content\/uploads\/2025\/08\/20250519-_E4R3498-768x1152.jpg 768w, https:\/\/zoganfacelift.com\/wp-content\/uploads\/2025\/08\/20250519-_E4R3498-8x12.jpg 8w, https:\/\/zoganfacelift.com\/wp-content\/uploads\/2025\/08\/20250519-_E4R3498-600x900.jpg 600w, https:\/\/zoganfacelift.com\/wp-content\/uploads\/2025\/08\/20250519-_E4R3498.jpg 1024w\" sizes=\"(max-width: 683px) 100vw, 683px\" \/>\t\t\t\t\t\t\t\t\t\t\t\t\t\t\t<\/div>\n\t\t\t\t<\/div>\n\t\t\t\t<\/div>\n\t\t\t\t\t<\/div>\n\t\t\t\t<\/div>\n\t\t\t\t<\/div>","protected":false},"excerpt":{"rendered":"<p>Meist Zogan Facelift \u2013 naeratuse j\u00f5ud! Hobist saab elustiil! Olen Cadrin, Zogan Facelift edendaja Eestis ja Euroopas. Olen avatud suhtleja ja armastan inimesi!\u00a0 Naeratan alati! See on minu signatuur koos punase huulega! Usun, et naeratus aitab alati, ka elu raskematel hetkedel. Olen teatud m\u00f5ttes ka maailmaparandaja, kelle missiooniks on endast j\u00e4tta maailm siia maha parema [&hellip;]<\/p>\n","protected":false},"author":1,"featured_media":2031,"parent":0,"menu_order":0,"comment_status":"closed","ping_status":"closed","template":"","meta":{"site-sidebar-layout":"no-sidebar","site-content-layout":"page-builder","ast-site-content-layout":"full-width-container","site-content-style":"unboxed","site-sidebar-style":"unboxed","ast-global-header-display":"","ast-banner-title-visibility":"","ast-main-header-display":"","ast-hfb-above-header-display":"","ast-hfb-below-header-display":"","ast-hfb-mobile-header-display":"","site-post-title":"disabled","ast-breadcrumbs-content":"disabled","ast-featured-img":"disabled","footer-sml-layout":"","ast-disable-related-posts":"","theme-transparent-header-meta":"disabled","adv-header-id-meta":"","stick-header-meta":"","header-above-stick-meta":"","header-main-stick-meta":"","header-below-stick-meta":"","astra-migrate-meta-layouts":"set","ast-page-background-enabled":"default","ast-page-background-meta":{"desktop":{"background-color":"var(--ast-global-color-4)","background-image":"","background-repeat":"repeat","background-position":"center center","background-size":"auto","background-attachment":"scroll","background-type":"","background-media":"","overlay-type":"","overlay-color":"","overlay-opacity":"","overlay-gradient":""},"tablet":{"background-color":"","background-image":"","background-repeat":"repeat","background-position":"center center","background-size":"auto","background-attachment":"scroll","background-type":"","background-media":"","overlay-type":"","overlay-color":"","overlay-opacity":"","overlay-gradient":""},"mobile":{"background-color":"","background-image":"","background-repeat":"repeat","background-position":"center center","background-size":"auto","background-attachment":"scroll","background-type":"","background-media":"","overlay-type":"","overlay-color":"","overlay-opacity":"","overlay-gradient":""}},"ast-content-background-meta":{"desktop":{"background-color":"var(--ast-global-color-5)","background-image":"","background-repeat":"repeat","background-position":"center center","background-size":"auto","background-attachment":"scroll","background-type":"","background-media":"","overlay-type":"","overlay-color":"","overlay-opacity":"","overlay-gradient":""},"tablet":{"background-color":"var(--ast-global-color-5)","background-image":"","background-repeat":"repeat","background-position":"center center","background-size":"auto","background-attachment":"scroll","background-type":"","background-media":"","overlay-type":"","overlay-color":"","overlay-opacity":"","overlay-gradient":""},"mobile":{"background-color":"var(--ast-global-color-5)","background-image":"","background-repeat":"repeat","background-position":"center center","background-size":"auto","background-attachment":"scroll","background-type":"","background-media":"","overlay-type":"","overlay-color":"","overlay-opacity":"","overlay-gradient":""}},"footnotes":""},"class_list":["post-239","page","type-page","status-publish","has-post-thumbnail","hentry"],"jetpack_sharing_enabled":true,"_links":{"self":[{"href":"https:\/\/zoganfacelift.com\/fin\/wp-json\/wp\/v2\/pages\/239","targetHints":{"allow":["GET"]}}],"collection":[{"href":"https:\/\/zoganfacelift.com\/fin\/wp-json\/wp\/v2\/pages"}],"about":[{"href":"https:\/\/zoganfacelift.com\/fin\/wp-json\/wp\/v2\/types\/page"}],"author":[{"embeddable":true,"href":"https:\/\/zoganfacelift.com\/fin\/wp-json\/wp\/v2\/users\/1"}],"replies":[{"embeddable":true,"href":"https:\/\/zoganfacelift.com\/fin\/wp-json\/wp\/v2\/comments?post=239"}],"version-history":[{"count":5,"href":"https:\/\/zoganfacelift.com\/fin\/wp-json\/wp\/v2\/pages\/239\/revisions"}],"predecessor-version":[{"id":2905,"href":"https:\/\/zoganfacelift.com\/fin\/wp-json\/wp\/v2\/pages\/239\/revisions\/2905"}],"wp:featuredmedia":[{"embeddable":true,"href":"https:\/\/zoganfacelift.com\/fin\/wp-json\/wp\/v2\/media\/2031"}],"wp:attachment":[{"href":"https:\/\/zoganfacelift.com\/fin\/wp-json\/wp\/v2\/media?parent=239"}],"curies":[{"name":"wp","href":"https:\/\/api.w.org\/{rel}","templated":true}]}}