{"id":239,"date":"2025-08-24T12:06:02","date_gmt":"2025-08-24T12:06:02","guid":{"rendered":"https:\/\/zoganfacelift.com\/about\/"},"modified":"2025-09-30T20:19:34","modified_gmt":"2025-09-30T17:19:34","slug":"meist","status":"publish","type":"page","link":"https:\/\/zoganfacelift.com\/eng\/meist\/","title":{"rendered":"About"},"content":{"rendered":"<div data-elementor-type=\"wp-page\" data-elementor-id=\"239\" class=\"elementor elementor-239\" data-elementor-post-type=\"page\">\n\t\t\t\t<div class=\"elementor-element elementor-element-56ce9c93 e-flex e-con-boxed e-con e-parent\" data-id=\"56ce9c93\" data-element_type=\"container\" data-e-type=\"container\">\n\t\t\t\t\t<div class=\"e-con-inner\">\n\t\t\t\t<div class=\"elementor-element elementor-element-60147438 elementor-widget elementor-widget-heading\" data-id=\"60147438\" data-element_type=\"widget\" data-e-type=\"widget\" data-widget_type=\"heading.default\">\n\t\t\t\t<div class=\"elementor-widget-container\">\n\t\t\t\t\t<h1 class=\"elementor-heading-title elementor-size-default\">About<\/h1>\t\t\t\t<\/div>\n\t\t\t\t<\/div>\n\t\t\t\t\t<\/div>\n\t\t\t\t<\/div>\n\t\t<div class=\"elementor-element elementor-element-49898e5 e-flex e-con-boxed e-con e-parent\" data-id=\"49898e5\" data-element_type=\"container\" data-e-type=\"container\" data-settings=\"{&quot;background_background&quot;:&quot;classic&quot;}\">\n\t\t\t\t\t<div class=\"e-con-inner\">\n\t\t\t\t<div class=\"elementor-element elementor-element-4ce722e elementor-widget elementor-widget-eael-fancy-text\" data-id=\"4ce722e\" data-element_type=\"widget\" data-e-type=\"widget\" data-widget_type=\"eael-fancy-text.default\">\n\t\t\t\t<div class=\"elementor-widget-container\">\n\t\t\t\t\t\n\t<div  class=\"eael-fancy-text-container style-1\" data-fancy-text-id=\"4ce722e\" data-fancy-text=\"|naeratuse j\u00f5ud!\" data-fancy-text-transition-type=\"typing\" data-fancy-text-speed=\"50\" data-fancy-text-delay=\"2500\" data-fancy-text-cursor=\"yes\" data-fancy-text-loop=\"yes\" data-fancy-text-action=\"page_load\" >\n\t\t\t\t\t<span class=\"eael-fancy-text-prefix\">Zogan Facelift \u2013 <\/span>\n\t\t\n\t\t\n\t\t\t\t\t<span id=\"eael-fancy-text-4ce722e\" class=\"eael-fancy-text-strings solid-color\">\n\t\t\t\t<noscript>\n\t\t\t\t\tthe power of a smile!\t\t\t\t<\/noscript>\n\t\t\t<\/span>\n\t\t\n\t\t\t\t\t<span class=\"eael-fancy-text-suffix\">  <\/span>\n\t\t\t<\/div><!-- close .eael-fancy-text-container -->\n\n\t<div class=\"clearfix\"><\/div>\n\n\t\t\t\t\t<\/div>\n\t\t\t\t<\/div>\n\t\t\t\t\t<\/div>\n\t\t\t\t<\/div>\n\t\t<div class=\"elementor-element elementor-element-65eda7f6 e-flex e-con-boxed e-con e-parent\" data-id=\"65eda7f6\" data-element_type=\"container\" data-e-type=\"container\" data-settings=\"{&quot;background_background&quot;:&quot;classic&quot;}\">\n\t\t\t\t\t<div class=\"e-con-inner\">\n\t\t<div class=\"elementor-element elementor-element-575bea57 e-con-full e-flex e-con e-child\" data-id=\"575bea57\" data-element_type=\"container\" data-e-type=\"container\" data-settings=\"{&quot;background_background&quot;:&quot;classic&quot;}\">\n\t\t\t\t<div class=\"elementor-element elementor-element-57e8617c elementor-widget elementor-widget-image\" data-id=\"57e8617c\" data-element_type=\"widget\" data-e-type=\"widget\" data-widget_type=\"image.default\">\n\t\t\t\t<div class=\"elementor-widget-container\">\n\t\t\t\t\t\t\t\t\t\t\t\t\t\t\t<img fetchpriority=\"high\" decoding=\"async\" width=\"683\" height=\"1024\" src=\"https:\/\/zoganfacelift.com\/wp-content\/uploads\/2025\/08\/20250519-_E4R3555-683x1024.jpg\" class=\"attachment-large size-large wp-image-1647\" alt=\"Zogan facelift. Jaapani noorendav n\u00e4omassaa\u017e.\" srcset=\"https:\/\/zoganfacelift.com\/wp-content\/uploads\/2025\/08\/20250519-_E4R3555-683x1024.jpg 683w, https:\/\/zoganfacelift.com\/wp-content\/uploads\/2025\/08\/20250519-_E4R3555-200x300.jpg 200w, https:\/\/zoganfacelift.com\/wp-content\/uploads\/2025\/08\/20250519-_E4R3555-768x1152.jpg 768w, https:\/\/zoganfacelift.com\/wp-content\/uploads\/2025\/08\/20250519-_E4R3555-8x12.jpg 8w, https:\/\/zoganfacelift.com\/wp-content\/uploads\/2025\/08\/20250519-_E4R3555-600x900.jpg 600w, https:\/\/zoganfacelift.com\/wp-content\/uploads\/2025\/08\/20250519-_E4R3555.jpg 1024w\" sizes=\"(max-width: 683px) 100vw, 683px\" \/>\t\t\t\t\t\t\t\t\t\t\t\t\t\t\t<\/div>\n\t\t\t\t<\/div>\n\t\t\t\t<\/div>\n\t\t<div class=\"elementor-element elementor-element-4d1b0b5 e-con-full e-flex e-con e-child\" data-id=\"4d1b0b5\" data-element_type=\"container\" data-e-type=\"container\">\n\t\t\t\t<div class=\"elementor-element elementor-element-73edf669 elementor-widget elementor-widget-heading\" data-id=\"73edf669\" data-element_type=\"widget\" data-e-type=\"widget\" data-widget_type=\"heading.default\">\n\t\t\t\t<div class=\"elementor-widget-container\">\n\t\t\t\t\t<h2 class=\"elementor-heading-title elementor-size-default\">From a hobby to a lifestyle!<\/h2>\t\t\t\t<\/div>\n\t\t\t\t<\/div>\n\t\t\t\t<div class=\"elementor-element elementor-element-1fb25777 elementor-widget elementor-widget-text-editor\" data-id=\"1fb25777\" data-element_type=\"widget\" data-e-type=\"widget\" data-widget_type=\"text-editor.default\">\n\t\t\t\t<div class=\"elementor-widget-container\">\n\t\t\t\t\t\t\t\t\t<p>I am Cadrin, a promoter of Zogan Facelift in Estonia and Europe.<\/p><p>I\u2019m an open communicator and I love people! I always smile \u2013 that\u2019s my signature, together with my red lipstick! I believe a smile always helps, even in the more difficult moments of life. In a way, I\u2019m also a world-improver, with a mission to leave this world a better place!<\/p><p>I\u2019ve been part of the beauty world for more than 25 years \u2013 something I could never have imagined when I was younger. Right after high school, in 1993, I moved to London, then to Cyprus, and later back to England, where I completed my studies at Coventry University in Criminal and International Law. By coincidence, I also ended up in Denmark, where I continued my studies in European Union Economic Policy at the Master\u2019s level.<\/p><p>My professional career has taken me to the Ministry of Defence, where I worked on NATO accession preparations, and to the Ministry of Finance, managing EU structural funds. I\u2019ve also worked in higher education as both a lecturer and project manager. Most recently, I served as Marketing Director at the Ida-Virumaa Vocational Education Centre, where I promoted the transition to Estonian-language education and contributed to the development of vocational education more broadly.<\/p>\t\t\t\t\t\t\t\t<\/div>\n\t\t\t\t<\/div>\n\t\t\t\t<div class=\"elementor-element elementor-element-41e4f75a elementor-view-default elementor-widget elementor-widget-icon\" data-id=\"41e4f75a\" data-element_type=\"widget\" data-e-type=\"widget\" data-widget_type=\"icon.default\">\n\t\t\t\t<div class=\"elementor-widget-container\">\n\t\t\t\t\t\t\t<div class=\"elementor-icon-wrapper\">\n\t\t\t<div class=\"elementor-icon\">\n\t\t\t<i aria-hidden=\"true\" class=\"fas fa-circle\"><\/i>\t\t\t<\/div>\n\t\t<\/div>\n\t\t\t\t\t\t<\/div>\n\t\t\t\t<\/div>\n\t\t\t\t<\/div>\n\t\t\t\t\t<\/div>\n\t\t\t\t<\/div>\n\t\t<div class=\"elementor-element elementor-element-8051161 e-flex e-con-boxed e-con e-parent\" data-id=\"8051161\" data-element_type=\"container\" data-e-type=\"container\" data-settings=\"{&quot;background_background&quot;:&quot;classic&quot;}\">\n\t\t\t\t\t<div class=\"e-con-inner\">\n\t\t<div class=\"elementor-element elementor-element-ebf37ce e-con-full e-flex e-con e-child\" data-id=\"ebf37ce\" data-element_type=\"container\" data-e-type=\"container\">\n\t\t\t\t<div class=\"elementor-element elementor-element-8ffb8e4 elementor-widget elementor-widget-text-editor\" data-id=\"8ffb8e4\" data-element_type=\"widget\" data-e-type=\"widget\" data-widget_type=\"text-editor.default\">\n\t\t\t\t<div class=\"elementor-widget-container\">\n\t\t\t\t\t\t\t\t\t<p>Alongside all this, I have been running, together with my sister, the women\u2019s beauty community HC Naised for over 25 years. We\u2019ve organized thousands of workshops on skincare, makeup, and healthy lifestyle. I\u2019ve also authored a beauty book, \"YOU \u2013 Radiant Beautiful Woman Always\", all while juggling many other pursuits.<\/p><p>So I know very well how important it is for a woman to feel cared for with simple, quick, and effective methods \u2013 and that\u2019s exactly why we created <em>Zogan Elixir<\/em> and use the <em>Zogan Facelift<\/em> face-sculpting technique, which can also be practiced on yourself. One minute a day and one product! There is power in simplicity and anyone can do it! It\u2019s as easy as brushing your teeth!<\/p><p>In addition, there\u2019s the opportunity to take self-care to the next level \u2013 with the Zogan Facelift treatment. It\u2019s an all-in-one procedure: beyond the rejuvenating and sculpting effects on the face, it also relaxes the body and mind.<\/p><p>I am not afraid of aging, but I do want to slow it down \u2013 and to remain radiant even at 50+. Today, after practicing Zogan for nearly 10 years, I can honestly say: my skin and face are more radiant, less puffy, and in better shape than they were 10 years ago!<\/p>\t\t\t\t\t\t\t\t<\/div>\n\t\t\t\t<\/div>\n\t\t\t\t<div class=\"elementor-element elementor-element-0c4ef46 elementor-view-default elementor-widget elementor-widget-icon\" data-id=\"0c4ef46\" data-element_type=\"widget\" data-e-type=\"widget\" data-widget_type=\"icon.default\">\n\t\t\t\t<div class=\"elementor-widget-container\">\n\t\t\t\t\t\t\t<div class=\"elementor-icon-wrapper\">\n\t\t\t<div class=\"elementor-icon\">\n\t\t\t<i aria-hidden=\"true\" class=\"fas fa-circle\"><\/i>\t\t\t<\/div>\n\t\t<\/div>\n\t\t\t\t\t\t<\/div>\n\t\t\t\t<\/div>\n\t\t\t\t<\/div>\n\t\t<div class=\"elementor-element elementor-element-a4b2239 e-con-full e-flex e-con e-child\" data-id=\"a4b2239\" data-element_type=\"container\" data-e-type=\"container\" data-settings=\"{&quot;background_background&quot;:&quot;classic&quot;}\">\n\t\t\t\t<div class=\"elementor-element elementor-element-de3ca41 elementor-widget elementor-widget-image\" data-id=\"de3ca41\" data-element_type=\"widget\" data-e-type=\"widget\" data-widget_type=\"image.default\">\n\t\t\t\t<div class=\"elementor-widget-container\">\n\t\t\t\t\t\t\t\t\t\t\t\t\t\t\t<img decoding=\"async\" width=\"683\" height=\"1024\" src=\"https:\/\/zoganfacelift.com\/wp-content\/uploads\/2025\/08\/20250519-_E4R3594-683x1024.jpg\" class=\"attachment-large size-large wp-image-2031\" alt=\"Zogan facelift - jaapani noorendav n\u00e4omassaa\u017e. Raamat &quot;Sina&quot;.\" srcset=\"https:\/\/zoganfacelift.com\/wp-content\/uploads\/2025\/08\/20250519-_E4R3594-683x1024.jpg 683w, https:\/\/zoganfacelift.com\/wp-content\/uploads\/2025\/08\/20250519-_E4R3594-200x300.jpg 200w, https:\/\/zoganfacelift.com\/wp-content\/uploads\/2025\/08\/20250519-_E4R3594-768x1152.jpg 768w, https:\/\/zoganfacelift.com\/wp-content\/uploads\/2025\/08\/20250519-_E4R3594-8x12.jpg 8w, https:\/\/zoganfacelift.com\/wp-content\/uploads\/2025\/08\/20250519-_E4R3594-600x900.jpg 600w, https:\/\/zoganfacelift.com\/wp-content\/uploads\/2025\/08\/20250519-_E4R3594.jpg 1024w\" sizes=\"(max-width: 683px) 100vw, 683px\" \/>\t\t\t\t\t\t\t\t\t\t\t\t\t\t\t<\/div>\n\t\t\t\t<\/div>\n\t\t\t\t<\/div>\n\t\t\t\t\t<\/div>\n\t\t\t\t<\/div>\n\t\t<div class=\"elementor-element elementor-element-a122224 e-flex e-con-boxed e-con e-parent\" data-id=\"a122224\" data-element_type=\"container\" data-e-type=\"container\" data-settings=\"{&quot;background_background&quot;:&quot;classic&quot;}\">\n\t\t\t\t\t<div class=\"e-con-inner\">\n\t\t<div class=\"elementor-element elementor-element-8e1d5cb e-con-full e-flex e-con e-child\" data-id=\"8e1d5cb\" data-element_type=\"container\" data-e-type=\"container\" data-settings=\"{&quot;background_background&quot;:&quot;classic&quot;}\">\n\t\t\t\t<div class=\"elementor-element elementor-element-fde9bba elementor-widget elementor-widget-image\" data-id=\"fde9bba\" data-element_type=\"widget\" data-e-type=\"widget\" data-widget_type=\"image.default\">\n\t\t\t\t<div class=\"elementor-widget-container\">\n\t\t\t\t\t\t\t\t\t\t\t\t\t\t\t<img decoding=\"async\" width=\"683\" height=\"1024\" src=\"https:\/\/zoganfacelift.com\/wp-content\/uploads\/2025\/08\/20250519-_E4R3550-683x1024.jpg\" class=\"attachment-large size-large wp-image-2029\" alt=\"Zogan facelift - Jaapani noorendav n\u00e4omassaa\u017e. Cardin Lokotar\" srcset=\"https:\/\/zoganfacelift.com\/wp-content\/uploads\/2025\/08\/20250519-_E4R3550-683x1024.jpg 683w, https:\/\/zoganfacelift.com\/wp-content\/uploads\/2025\/08\/20250519-_E4R3550-200x300.jpg 200w, https:\/\/zoganfacelift.com\/wp-content\/uploads\/2025\/08\/20250519-_E4R3550-768x1152.jpg 768w, https:\/\/zoganfacelift.com\/wp-content\/uploads\/2025\/08\/20250519-_E4R3550-8x12.jpg 8w, https:\/\/zoganfacelift.com\/wp-content\/uploads\/2025\/08\/20250519-_E4R3550-600x900.jpg 600w, https:\/\/zoganfacelift.com\/wp-content\/uploads\/2025\/08\/20250519-_E4R3550.jpg 1024w\" sizes=\"(max-width: 683px) 100vw, 683px\" \/>\t\t\t\t\t\t\t\t\t\t\t\t\t\t\t<\/div>\n\t\t\t\t<\/div>\n\t\t\t\t<\/div>\n\t\t<div class=\"elementor-element elementor-element-62f6ea2 e-con-full e-flex e-con e-child\" data-id=\"62f6ea2\" data-element_type=\"container\" data-e-type=\"container\">\n\t\t\t\t<div class=\"elementor-element elementor-element-bf6f749 elementor-widget elementor-widget-heading\" data-id=\"bf6f749\" data-element_type=\"widget\" data-e-type=\"widget\" data-widget_type=\"heading.default\">\n\t\t\t\t<div class=\"elementor-widget-container\">\n\t\t\t\t\t<span class=\"elementor-heading-title elementor-size-default\">How did I discover Zogan\u2026<\/span>\t\t\t\t<\/div>\n\t\t\t\t<\/div>\n\t\t\t\t<div class=\"elementor-element elementor-element-471b601 elementor-widget elementor-widget-text-editor\" data-id=\"471b601\" data-element_type=\"widget\" data-e-type=\"widget\" data-widget_type=\"text-editor.default\">\n\t\t\t\t<div class=\"elementor-widget-container\">\n\t\t\t\t\t\t\t\t\t<p>I had just passed the age of 40 when, wearing a sweater, I noticed that I had developed a \u201cbulldog\u201d \u2013 a double chin. And since invasive beauty procedures were not for me, I thought, well\u2026 that\u2019s just how it will be.<\/p><p>And then\u2026 there are no coincidences in life! In the early spring of 2016, Heli Randoja, the promoter of the Japanese stretching and breathing technique Shindo in Estonia, introduced us to Sensei Michiyo Nisimura, who had come to Estonia to bring the ancient Japanese beauty technique, Zogan Facelift, to the European beauty market.<\/p><p>In the spring of 2016, together with my sister Helina Ehe, we organized the very first <em>Zogan Facelift<\/em> presentation.<\/p><p>Within the first few minutes of the presentation, we were \u201csold\u201d \u2013 when Sensei spoke about the philosophy of <em>Zogan Facelift<\/em>, which is a smile! When a woman smiles at home, it carries over to her children, her husband, and from there \u2013 to society as a whole.<\/p><p>All my life I have believed in the power of a smile, which supports us even in difficult times.<\/p><p><em>Zogan Facelift<\/em> is not just about smoothing wrinkles or rejuvenating the face \u2013 behind it lies a deeper philosophy of life and beauty!<\/p><p>After the presentation, my sister and I were captivated: a visible, immediate change in appearance and on top of that, an amazing feeling of well-being! Just as the sole of the foot reflects the whole body, so does the face mirror the entire body.<\/p>\t\t\t\t\t\t\t\t<\/div>\n\t\t\t\t<\/div>\n\t\t\t\t<div class=\"elementor-element elementor-element-ed6d4f0 elementor-view-default elementor-widget elementor-widget-icon\" data-id=\"ed6d4f0\" data-element_type=\"widget\" data-e-type=\"widget\" data-widget_type=\"icon.default\">\n\t\t\t\t<div class=\"elementor-widget-container\">\n\t\t\t\t\t\t\t<div class=\"elementor-icon-wrapper\">\n\t\t\t<div class=\"elementor-icon\">\n\t\t\t<i aria-hidden=\"true\" class=\"fas fa-circle\"><\/i>\t\t\t<\/div>\n\t\t<\/div>\n\t\t\t\t\t\t<\/div>\n\t\t\t\t<\/div>\n\t\t\t\t<\/div>\n\t\t\t\t\t<\/div>\n\t\t\t\t<\/div>\n\t\t<div class=\"elementor-element elementor-element-32d42d8 e-flex e-con-boxed e-con e-parent\" data-id=\"32d42d8\" data-element_type=\"container\" data-e-type=\"container\" data-settings=\"{&quot;background_background&quot;:&quot;classic&quot;}\">\n\t\t\t\t\t<div class=\"e-con-inner\">\n\t\t<div class=\"elementor-element elementor-element-2001966 e-con-full e-flex e-con e-child\" data-id=\"2001966\" data-element_type=\"container\" data-e-type=\"container\">\n\t\t\t\t<div class=\"elementor-element elementor-element-e737f3e elementor-widget elementor-widget-text-editor\" data-id=\"e737f3e\" data-element_type=\"widget\" data-e-type=\"widget\" data-widget_type=\"text-editor.default\">\n\t\t\t\t<div class=\"elementor-widget-container\">\n\t\t\t\t\t\t\t\t\t<p>That\u2019s how the idea was born to offer this life-changing technique as a professional course in Estonia. In the autumn of 2016, we organized the very first Zogan therapist training, which marked the beginning of a wonderful journey.<\/p><p>At first, I didn\u2019t plan to become a therapist or trainer myself. I rather hoped that others would learn and I could simply enjoy the treatments.<\/p><p>Never believed that someone as lively as me could actually enjoy giving treatments to clients. But you never know until you try! It\u2019s amazing how <em>Zogan Facelift<\/em> visibly smooths and sculpts the face \u2013 and as a bonus, both sides get a positive energy boost through the exchange.<\/p><p>Together with my sister Helina, we have traveled to Japan many times for advanced training. Beyond professional growth, these trips helped us better understand Japanese culture and traditions and how everything complicated can be made simple!<\/p><p>Posture, childlike laughter, kindness, restraint, minimalism, and helpfulness are exactly the keywords that make the Japanese lifestyle so special. Alongside face-sculpting techniques, we also share these Japanese values in our trainings!<\/p><p>Thank you for reading to the end and I hope this sparked your positive curiosity!<\/p>\t\t\t\t\t\t\t\t<\/div>\n\t\t\t\t<\/div>\n\t\t\t\t<div class=\"elementor-element elementor-element-9e319b9 elementor-widget elementor-widget-heading\" data-id=\"9e319b9\" data-element_type=\"widget\" data-e-type=\"widget\" data-widget_type=\"heading.default\">\n\t\t\t\t<div class=\"elementor-widget-container\">\n\t\t\t\t\t<span class=\"elementor-heading-title elementor-size-default\">Zogan Facelift \u2013 the power of a smile!<\/span>\t\t\t\t<\/div>\n\t\t\t\t<\/div>\n\t\t\t\t<div class=\"elementor-element elementor-element-7c871d7 elementor-view-default elementor-widget elementor-widget-icon\" data-id=\"7c871d7\" data-element_type=\"widget\" data-e-type=\"widget\" data-widget_type=\"icon.default\">\n\t\t\t\t<div class=\"elementor-widget-container\">\n\t\t\t\t\t\t\t<div class=\"elementor-icon-wrapper\">\n\t\t\t<div class=\"elementor-icon\">\n\t\t\t<i aria-hidden=\"true\" class=\"fas fa-circle\"><\/i>\t\t\t<\/div>\n\t\t<\/div>\n\t\t\t\t\t\t<\/div>\n\t\t\t\t<\/div>\n\t\t\t\t<\/div>\n\t\t<div class=\"elementor-element elementor-element-85014c3 e-con-full e-flex e-con e-child\" data-id=\"85014c3\" data-element_type=\"container\" data-e-type=\"container\" data-settings=\"{&quot;background_background&quot;:&quot;classic&quot;}\">\n\t\t\t\t<div class=\"elementor-element elementor-element-f9205a0 elementor-widget elementor-widget-image\" data-id=\"f9205a0\" data-element_type=\"widget\" data-e-type=\"widget\" data-widget_type=\"image.default\">\n\t\t\t\t<div class=\"elementor-widget-container\">\n\t\t\t\t\t\t\t\t\t\t\t\t\t\t\t<img loading=\"lazy\" decoding=\"async\" width=\"683\" height=\"1024\" src=\"https:\/\/zoganfacelift.com\/wp-content\/uploads\/2025\/08\/20250519-_E4R3498-683x1024.jpg\" class=\"attachment-large size-large wp-image-2101\" alt=\"Zogan facelift Elixir. Jaapani noorendav n\u00e4omassaa\u017e ja n\u00e4ohooldus toode.\" srcset=\"https:\/\/zoganfacelift.com\/wp-content\/uploads\/2025\/08\/20250519-_E4R3498-683x1024.jpg 683w, https:\/\/zoganfacelift.com\/wp-content\/uploads\/2025\/08\/20250519-_E4R3498-200x300.jpg 200w, https:\/\/zoganfacelift.com\/wp-content\/uploads\/2025\/08\/20250519-_E4R3498-768x1152.jpg 768w, https:\/\/zoganfacelift.com\/wp-content\/uploads\/2025\/08\/20250519-_E4R3498-8x12.jpg 8w, https:\/\/zoganfacelift.com\/wp-content\/uploads\/2025\/08\/20250519-_E4R3498-600x900.jpg 600w, https:\/\/zoganfacelift.com\/wp-content\/uploads\/2025\/08\/20250519-_E4R3498.jpg 1024w\" sizes=\"(max-width: 683px) 100vw, 683px\" \/>\t\t\t\t\t\t\t\t\t\t\t\t\t\t\t<\/div>\n\t\t\t\t<\/div>\n\t\t\t\t<\/div>\n\t\t\t\t\t<\/div>\n\t\t\t\t<\/div>\n\t\t\t\t<\/div>","protected":false},"excerpt":{"rendered":"<p>Meist Zogan Facelift \u2013 naeratuse j\u00f5ud! Hobist saab elustiil! Olen Cadrin, Zogan Facelift edendaja Eestis ja Euroopas. Olen avatud suhtleja ja armastan inimesi!\u00a0 Naeratan alati! See on minu signatuur koos punase huulega! Usun, et naeratus aitab alati, ka elu raskematel hetkedel. Olen teatud m\u00f5ttes ka maailmaparandaja, kelle missiooniks on endast j\u00e4tta maailm siia maha parema [&hellip;]<\/p>\n","protected":false},"author":1,"featured_media":2031,"parent":0,"menu_order":0,"comment_status":"closed","ping_status":"closed","template":"","meta":{"site-sidebar-layout":"no-sidebar","site-content-layout":"page-builder","ast-site-content-layout":"full-width-container","site-content-style":"unboxed","site-sidebar-style":"unboxed","ast-global-header-display":"","ast-banner-title-visibility":"","ast-main-header-display":"","ast-hfb-above-header-display":"","ast-hfb-below-header-display":"","ast-hfb-mobile-header-display":"","site-post-title":"disabled","ast-breadcrumbs-content":"disabled","ast-featured-img":"disabled","footer-sml-layout":"","ast-disable-related-posts":"","theme-transparent-header-meta":"disabled","adv-header-id-meta":"","stick-header-meta":"","header-above-stick-meta":"","header-main-stick-meta":"","header-below-stick-meta":"","astra-migrate-meta-layouts":"set","ast-page-background-enabled":"default","ast-page-background-meta":{"desktop":{"background-color":"var(--ast-global-color-4)","background-image":"","background-repeat":"repeat","background-position":"center center","background-size":"auto","background-attachment":"scroll","background-type":"","background-media":"","overlay-type":"","overlay-color":"","overlay-opacity":"","overlay-gradient":""},"tablet":{"background-color":"","background-image":"","background-repeat":"repeat","background-position":"center center","background-size":"auto","background-attachment":"scroll","background-type":"","background-media":"","overlay-type":"","overlay-color":"","overlay-opacity":"","overlay-gradient":""},"mobile":{"background-color":"","background-image":"","background-repeat":"repeat","background-position":"center center","background-size":"auto","background-attachment":"scroll","background-type":"","background-media":"","overlay-type":"","overlay-color":"","overlay-opacity":"","overlay-gradient":""}},"ast-content-background-meta":{"desktop":{"background-color":"var(--ast-global-color-5)","background-image":"","background-repeat":"repeat","background-position":"center center","background-size":"auto","background-attachment":"scroll","background-type":"","background-media":"","overlay-type":"","overlay-color":"","overlay-opacity":"","overlay-gradient":""},"tablet":{"background-color":"var(--ast-global-color-5)","background-image":"","background-repeat":"repeat","background-position":"center center","background-size":"auto","background-attachment":"scroll","background-type":"","background-media":"","overlay-type":"","overlay-color":"","overlay-opacity":"","overlay-gradient":""},"mobile":{"background-color":"var(--ast-global-color-5)","background-image":"","background-repeat":"repeat","background-position":"center center","background-size":"auto","background-attachment":"scroll","background-type":"","background-media":"","overlay-type":"","overlay-color":"","overlay-opacity":"","overlay-gradient":""}},"footnotes":""},"class_list":["post-239","page","type-page","status-publish","has-post-thumbnail","hentry"],"jetpack_sharing_enabled":true,"_links":{"self":[{"href":"https:\/\/zoganfacelift.com\/eng\/wp-json\/wp\/v2\/pages\/239","targetHints":{"allow":["GET"]}}],"collection":[{"href":"https:\/\/zoganfacelift.com\/eng\/wp-json\/wp\/v2\/pages"}],"about":[{"href":"https:\/\/zoganfacelift.com\/eng\/wp-json\/wp\/v2\/types\/page"}],"author":[{"embeddable":true,"href":"https:\/\/zoganfacelift.com\/eng\/wp-json\/wp\/v2\/users\/1"}],"replies":[{"embeddable":true,"href":"https:\/\/zoganfacelift.com\/eng\/wp-json\/wp\/v2\/comments?post=239"}],"version-history":[{"count":5,"href":"https:\/\/zoganfacelift.com\/eng\/wp-json\/wp\/v2\/pages\/239\/revisions"}],"predecessor-version":[{"id":2905,"href":"https:\/\/zoganfacelift.com\/eng\/wp-json\/wp\/v2\/pages\/239\/revisions\/2905"}],"wp:featuredmedia":[{"embeddable":true,"href":"https:\/\/zoganfacelift.com\/eng\/wp-json\/wp\/v2\/media\/2031"}],"wp:attachment":[{"href":"https:\/\/zoganfacelift.com\/eng\/wp-json\/wp\/v2\/media?parent=239"}],"curies":[{"name":"wp","href":"https:\/\/api.w.org\/{rel}","templated":true}]}}